{"id":4298,"date":"2017-05-25T14:24:58","date_gmt":"2017-05-25T14:24:58","guid":{"rendered":"https:\/\/cortecros.com\/product\/cistac-masti\/"},"modified":"2017-05-25T14:24:58","modified_gmt":"2017-05-25T14:24:58","slug":"cistac-masti","status":"publish","type":"product","link":"https:\/\/cortecros.com\/hr\/product\/cistac-masti\/","title":{"rendered":"\u010cista\u010d masti"},"content":{"rendered":"<div>\n<ul>\n<li>\u00a0Duboko prodiraju\u0107i \u010dista\u010d s PTFE<\/li>\n<li>\u00a0Ne sadr\u017ei silikone<\/li>\n<li>\u00a0\u010cisti i obnavlja releje, prekida\u010de i elektri\u010dnu opremu\n<p>Primjena:<\/li>\n<li>Elektri\u010dna oprema<\/li>\n<li>Prijenosne remenice<\/li>\n<li>\u00a0Kontrolne kutije<\/li>\n<\/ul>\n<\/div>\n<div>\n<div><\/div>\n<div><\/div>\n<div><\/div>\n<\/div>\n","protected":false},"excerpt":{"rendered":"<p>\u00a0Duboko prodiraju\u0107i \u010dista\u010d s PTFE \u00a0Ne sadr\u017ei silikone \u00a0\u010cisti i obnavlja releje, prekida\u010de i elektri\u010dnu opremu Primjena: Elektri\u010dna oprema Prijenosne remenice \u00a0Kontrolne kutije <a class=\"continue-reading-link\" href=\"https:\/\/cortecros.com\/hr\/product\/cistac-masti\/\">nastavi \u010ditati<\/a><\/p>\n","protected":false},"featured_media":0,"template":"","meta":{"ngg_post_thumbnail":0,"_links_to":"","_links_to_target":""},"product_brand":[],"product_cat":[46],"product_tag":[],"class_list":{"0":"post-4298","1":"product","2":"type-product","3":"status-publish","5":"product_cat-rawn-sprej-tehnologija","7":"first","8":"instock","9":"shipping-taxable","10":"product-type-simple"},"_links":{"self":[{"href":"https:\/\/cortecros.com\/hr\/wp-json\/wp\/v2\/product\/4298","targetHints":{"allow":["GET"]}}],"collection":[{"href":"https:\/\/cortecros.com\/hr\/wp-json\/wp\/v2\/product"}],"about":[{"href":"https:\/\/cortecros.com\/hr\/wp-json\/wp\/v2\/types\/product"}],"wp:attachment":[{"href":"https:\/\/cortecros.com\/hr\/wp-json\/wp\/v2\/media?parent=4298"}],"wp:term":[{"taxonomy":"product_brand","embeddable":true,"href":"https:\/\/cortecros.com\/hr\/wp-json\/wp\/v2\/product_brand?post=4298"},{"taxonomy":"product_cat","embeddable":true,"href":"https:\/\/cortecros.com\/hr\/wp-json\/wp\/v2\/product_cat?post=4298"},{"taxonomy":"product_tag","embeddable":true,"href":"https:\/\/cortecros.com\/hr\/wp-json\/wp\/v2\/product_tag?post=4298"}],"curies":[{"name":"wp","href":"https:\/\/api.w.org\/{rel}","templated":true}]}}