{"id":4299,"date":"2017-05-25T14:02:24","date_gmt":"2017-05-25T14:02:24","guid":{"rendered":"https:\/\/cortecros.com\/product\/cistac-strujnih-krugova\/"},"modified":"2017-05-25T14:02:24","modified_gmt":"2017-05-25T14:02:24","slug":"cistac-strujnih-krugova","status":"publish","type":"product","link":"https:\/\/cortecros.com\/hr\/product\/cistac-strujnih-krugova\/","title":{"rendered":"\u010cista\u010d strujnih krugova"},"content":{"rendered":"<div>\n<div class=\"text_black11\">\n<ul>\n<li>\u00a0Precizno \u010disti<\/li>\n<li>Ne o\u0161te\u0107uje plastiku i brzo djeluje<\/li>\n<li>Nije zapaljiv<\/li>\n<li>Uklanja oksidaciju, ulje, masno\u0107u i ostalu prljav\u0161tinu sa elektri\u010dnih i elektroni\u010dkih strujnih krugova<\/li>\n<li>\u00a0Klasa II ODC<\/li>\n<\/ul>\n<p style=\"text-align: left;\">\u00a0Primjena:<\/p>\n<ul>\n<li>\u0160tampane plo\u010de<\/li>\n<li>Procesna oprema<\/li>\n<li>Medicinska oprema<\/li>\n<li>Uredska oprema<\/li>\n<\/ul>\n<\/div>\n<\/div>\n<div>\n<div><\/div>\n<div><\/div>\n<div><\/div>\n<\/div>\n","protected":false},"excerpt":{"rendered":"<p>\u00a0Precizno \u010disti Ne o\u0161te\u0107uje plastiku i brzo djeluje Nije zapaljiv Uklanja oksidaciju, ulje, masno\u0107u i ostalu prljav\u0161tinu sa elektri\u010dnih i elektroni\u010dkih strujnih krugova \u00a0Klasa II ODC \u00a0Primjena: \u0160tampane plo\u010de Procesna oprema Medicinska oprema Uredska oprema <a class=\"continue-reading-link\" href=\"https:\/\/cortecros.com\/hr\/product\/cistac-strujnih-krugova\/\">nastavi \u010ditati<\/a><\/p>\n","protected":false},"featured_media":0,"template":"","meta":{"ngg_post_thumbnail":0,"_links_to":"","_links_to_target":""},"product_brand":[],"product_cat":[46],"product_tag":[],"class_list":{"0":"post-4299","1":"product","2":"type-product","3":"status-publish","5":"product_cat-rawn-sprej-tehnologija","7":"first","8":"instock","9":"shipping-taxable","10":"product-type-simple"},"_links":{"self":[{"href":"https:\/\/cortecros.com\/hr\/wp-json\/wp\/v2\/product\/4299","targetHints":{"allow":["GET"]}}],"collection":[{"href":"https:\/\/cortecros.com\/hr\/wp-json\/wp\/v2\/product"}],"about":[{"href":"https:\/\/cortecros.com\/hr\/wp-json\/wp\/v2\/types\/product"}],"wp:attachment":[{"href":"https:\/\/cortecros.com\/hr\/wp-json\/wp\/v2\/media?parent=4299"}],"wp:term":[{"taxonomy":"product_brand","embeddable":true,"href":"https:\/\/cortecros.com\/hr\/wp-json\/wp\/v2\/product_brand?post=4299"},{"taxonomy":"product_cat","embeddable":true,"href":"https:\/\/cortecros.com\/hr\/wp-json\/wp\/v2\/product_cat?post=4299"},{"taxonomy":"product_tag","embeddable":true,"href":"https:\/\/cortecros.com\/hr\/wp-json\/wp\/v2\/product_tag?post=4299"}],"curies":[{"name":"wp","href":"https:\/\/api.w.org\/{rel}","templated":true}]}}