{"id":4300,"date":"2017-05-25T14:06:58","date_gmt":"2017-05-25T14:06:58","guid":{"rendered":"https:\/\/cortecros.com\/product\/rawn-cistac\/"},"modified":"2017-05-25T14:06:58","modified_gmt":"2017-05-25T14:06:58","slug":"rawn-cistac","status":"publish","type":"product","link":"https:\/\/cortecros.com\/hr\/product\/rawn-cistac\/","title":{"rendered":"Rawn \u010dista\u010d"},"content":{"rendered":"<ul>\n<li>Vrlo efikasan odma\u0161\u0107iva\u010d<\/li>\n<li>Brzo penetrira<\/li>\n<li>Odstranjuje masno\u0107u, ulje i prljav\u0161tinu<\/li>\n<li>Jaka dielektri\u010dna svojstva<\/li>\n<li>Ne o\u0161te\u0107uje plastiku<\/li>\n<li>Ne sadr\u017ei CFC, HCFC, ODP<\/li>\n<\/ul>\n<p>Primjena:<\/p>\n<ul>\n<li>Elektri\u010dni motori<\/li>\n<li>Elektri\u010dna oprema<\/li>\n<li>Klimatizacija<\/li>\n<li>Sustavi injektiranja i generatori<\/li>\n<\/ul>\n","protected":false},"excerpt":{"rendered":"<p>Vrlo efikasan odma\u0161\u0107iva\u010d Brzo penetrira Odstranjuje masno\u0107u, ulje i prljav\u0161tinu Jaka dielektri\u010dna svojstva Ne o\u0161te\u0107uje plastiku Ne sadr\u017ei CFC, HCFC, ODP Primjena: Elektri\u010dni motori Elektri\u010dna oprema Klimatizacija Sustavi injektiranja i generatori <a class=\"continue-reading-link\" href=\"https:\/\/cortecros.com\/hr\/product\/rawn-cistac\/\">nastavi \u010ditati<\/a><\/p>\n","protected":false},"featured_media":0,"template":"","meta":{"ngg_post_thumbnail":0,"_links_to":"","_links_to_target":""},"product_brand":[],"product_cat":[46],"product_tag":[],"class_list":{"0":"post-4300","1":"product","2":"type-product","3":"status-publish","5":"product_cat-rawn-sprej-tehnologija","7":"first","8":"instock","9":"shipping-taxable","10":"product-type-simple"},"_links":{"self":[{"href":"https:\/\/cortecros.com\/hr\/wp-json\/wp\/v2\/product\/4300","targetHints":{"allow":["GET"]}}],"collection":[{"href":"https:\/\/cortecros.com\/hr\/wp-json\/wp\/v2\/product"}],"about":[{"href":"https:\/\/cortecros.com\/hr\/wp-json\/wp\/v2\/types\/product"}],"wp:attachment":[{"href":"https:\/\/cortecros.com\/hr\/wp-json\/wp\/v2\/media?parent=4300"}],"wp:term":[{"taxonomy":"product_brand","embeddable":true,"href":"https:\/\/cortecros.com\/hr\/wp-json\/wp\/v2\/product_brand?post=4300"},{"taxonomy":"product_cat","embeddable":true,"href":"https:\/\/cortecros.com\/hr\/wp-json\/wp\/v2\/product_cat?post=4300"},{"taxonomy":"product_tag","embeddable":true,"href":"https:\/\/cortecros.com\/hr\/wp-json\/wp\/v2\/product_tag?post=4300"}],"curies":[{"name":"wp","href":"https:\/\/api.w.org\/{rel}","templated":true}]}}