{"id":4301,"date":"2017-05-25T14:10:29","date_gmt":"2017-05-25T14:10:29","guid":{"rendered":"https:\/\/cortecros.com\/product\/re-grip\/"},"modified":"2017-05-25T14:10:29","modified_gmt":"2017-05-25T14:10:29","slug":"re-grip","status":"publish","type":"product","link":"https:\/\/cortecros.com\/hr\/product\/re-grip\/","title":{"rendered":"Re-Grip"},"content":{"rendered":"<div>\n<div class=\"text_black11\">\n<ul>\n<li>\u010cista\u010d gume<\/li>\n<li>Brzo prodire<\/li>\n<li>Pobolj\u0161ava zahvat<\/li>\n<li>Ne sadr\u017ei CFC, HCFC, ODP\n<p>Primjena:<\/li>\n<li>Teku\u0107e vrpce<\/li>\n<li>Kovni strojevi<\/li>\n<li>\u00a0Ure\u0111aji od gume<\/li>\n<\/ul>\n<\/div>\n<\/div>\n<div>\n<div><\/div>\n<div><\/div>\n<div><\/div>\n<\/div>\n","protected":false},"excerpt":{"rendered":"<p>\u010cista\u010d gume Brzo prodire Pobolj\u0161ava zahvat Ne sadr\u017ei CFC, HCFC, ODP Primjena: Teku\u0107e vrpce Kovni strojevi \u00a0Ure\u0111aji od gume <a class=\"continue-reading-link\" href=\"https:\/\/cortecros.com\/hr\/product\/re-grip\/\">nastavi \u010ditati<\/a><\/p>\n","protected":false},"featured_media":0,"template":"","meta":{"ngg_post_thumbnail":0,"_links_to":"","_links_to_target":""},"product_brand":[],"product_cat":[46],"product_tag":[],"class_list":{"0":"post-4301","1":"product","2":"type-product","3":"status-publish","5":"product_cat-rawn-sprej-tehnologija","7":"first","8":"instock","9":"shipping-taxable","10":"product-type-simple"},"_links":{"self":[{"href":"https:\/\/cortecros.com\/hr\/wp-json\/wp\/v2\/product\/4301","targetHints":{"allow":["GET"]}}],"collection":[{"href":"https:\/\/cortecros.com\/hr\/wp-json\/wp\/v2\/product"}],"about":[{"href":"https:\/\/cortecros.com\/hr\/wp-json\/wp\/v2\/types\/product"}],"wp:attachment":[{"href":"https:\/\/cortecros.com\/hr\/wp-json\/wp\/v2\/media?parent=4301"}],"wp:term":[{"taxonomy":"product_brand","embeddable":true,"href":"https:\/\/cortecros.com\/hr\/wp-json\/wp\/v2\/product_brand?post=4301"},{"taxonomy":"product_cat","embeddable":true,"href":"https:\/\/cortecros.com\/hr\/wp-json\/wp\/v2\/product_cat?post=4301"},{"taxonomy":"product_tag","embeddable":true,"href":"https:\/\/cortecros.com\/hr\/wp-json\/wp\/v2\/product_tag?post=4301"}],"curies":[{"name":"wp","href":"https:\/\/api.w.org\/{rel}","templated":true}]}}