{"id":4302,"date":"2017-05-25T14:08:02","date_gmt":"2017-05-25T14:08:02","guid":{"rendered":"https:\/\/cortecros.com\/product\/univerzalni-cistac-kontakata\/"},"modified":"2017-05-25T14:08:02","modified_gmt":"2017-05-25T14:08:02","slug":"univerzalni-cistac-kontakata","status":"publish","type":"product","link":"https:\/\/cortecros.com\/hr\/product\/univerzalni-cistac-kontakata\/","title":{"rendered":"Univerzalni \u010dista\u010d kontakata"},"content":{"rendered":"<ul>\n<li>Brzo su\u0161i, op\u0107enito namijenjen za \u010di\u0161\u0107enje<\/li>\n<li>Ne o\u0161te\u0107uje plastiku<\/li>\n<li>Duboko prodiranje<\/li>\n<li>Ne upotrebljavati kod opreme pod naponom<\/li>\n<li>Ne sadr\u017ei CFC, HCFC, ODP\n<p>Primjena:<\/li>\n<li>Elektri\u010dna oprema<\/li>\n<li>Releji i sklopke<\/li>\n<li>Dijelovi motora<\/li>\n<li>Kontrola strojeva<\/li>\n<\/ul>\n","protected":false},"excerpt":{"rendered":"<p>Brzo su\u0161i, op\u0107enito namijenjen za \u010di\u0161\u0107enje Ne o\u0161te\u0107uje plastiku Duboko prodiranje Ne upotrebljavati kod opreme pod naponom Ne sadr\u017ei CFC, HCFC, ODP Primjena: Elektri\u010dna oprema Releji i sklopke Dijelovi motora Kontrola strojeva <a class=\"continue-reading-link\" href=\"https:\/\/cortecros.com\/hr\/product\/univerzalni-cistac-kontakata\/\">nastavi \u010ditati<\/a><\/p>\n","protected":false},"featured_media":0,"template":"","meta":{"ngg_post_thumbnail":0,"_links_to":"","_links_to_target":""},"product_brand":[],"product_cat":[46],"product_tag":[],"class_list":{"0":"post-4302","1":"product","2":"type-product","3":"status-publish","5":"product_cat-rawn-sprej-tehnologija","7":"first","8":"instock","9":"shipping-taxable","10":"product-type-simple"},"_links":{"self":[{"href":"https:\/\/cortecros.com\/hr\/wp-json\/wp\/v2\/product\/4302","targetHints":{"allow":["GET"]}}],"collection":[{"href":"https:\/\/cortecros.com\/hr\/wp-json\/wp\/v2\/product"}],"about":[{"href":"https:\/\/cortecros.com\/hr\/wp-json\/wp\/v2\/types\/product"}],"wp:attachment":[{"href":"https:\/\/cortecros.com\/hr\/wp-json\/wp\/v2\/media?parent=4302"}],"wp:term":[{"taxonomy":"product_brand","embeddable":true,"href":"https:\/\/cortecros.com\/hr\/wp-json\/wp\/v2\/product_brand?post=4302"},{"taxonomy":"product_cat","embeddable":true,"href":"https:\/\/cortecros.com\/hr\/wp-json\/wp\/v2\/product_cat?post=4302"},{"taxonomy":"product_tag","embeddable":true,"href":"https:\/\/cortecros.com\/hr\/wp-json\/wp\/v2\/product_tag?post=4302"}],"curies":[{"name":"wp","href":"https:\/\/api.w.org\/{rel}","templated":true}]}}