{"id":4353,"date":"2019-05-31T08:08:37","date_gmt":"2019-05-31T08:08:37","guid":{"rendered":"https:\/\/cortecros.com\/?post_type=product&#038;p=4353"},"modified":"2019-05-31T08:26:09","modified_gmt":"2019-05-31T08:26:09","slug":"corrverter-mci-rust-primer","status":"publish","type":"product","link":"https:\/\/cortecros.com\/hr\/product\/corrverter-mci-rust-primer\/","title":{"rendered":"CorrVerter\u00ae MCI\u00ae Rust Primer"},"content":{"rendered":"<p>CorrVerter\u00ae je jednokomponentni, brzo su\u0161e\u0107i, premaz na bazi vode koji pretvara korodirane povr\u0161ine u pasivizirani sloj. Pru\u017ea dugotrajnu za\u0161titu od korozije kao temeljni premaz ili kao temeljni premaz za nano\u0161enje zavr\u0161nog premaza za dugotrajnu za\u0161titu. CorrVerter\u00ae se preporu\u010duje za kori\u0161tenje na zahr\u0111alim ili lo\u0161e pripremljenim \u010deli\u010dnim povr\u0161inama za koje je<br \/>\npotrebna dodatna za\u0161tita od korozije, a dobra priprema povr\u0161ine je problemati\u010dna ili ote\u017eana. CorrVerter\u00ae je formuliran tako da prodire kroz korodiranu povr\u0161inu i uklanja koroziju, te<br \/>\nujedno pru\u017ea za\u0161titu metala od daljnjeg korodiranja.<\/p>\n<p><strong>PAKIRANJE I SKLADI\u0160TENJE<\/strong><br \/>\nCorrVerter\u00ae MCI\u00ae je dostupan u plasti\u010dnim kontejnerima od 3,8 l i 19 l. \u010cuvati proizvod od smrzavanja.<br \/>\nRok upotrebe proizvoda je jedna godina kada se skladi\u0161ti u grijanom skladi\u0161tu.<\/p>\n<p><strong>Tehni\u010dki list proizvoda:<\/strong><\/p>\n<p><a href=\"https:\/\/cortecros.com\/wp-content\/uploads\/2019\/05\/CorrVerter_MCI_Rust_Primer.pdf\">CorrVerter_MCI_Rust_Primer<\/a><\/p>\n","protected":false},"excerpt":{"rendered":"<p>CorrVerter\u00ae je jednokomponentni, brzo su\u0161e\u0107i, premaz na bazi vode koji pretvara korodirane povr\u0161ine u pasivizirani sloj. Pru\u017ea dugotrajnu za\u0161titu od korozije kao temeljni premaz ili kao temeljni premaz za nano\u0161enje zavr\u0161nog premaza za dugotrajnu za\u0161titu. CorrVerter\u00ae se preporu\u010duje za kori\u0161tenje na zahr\u0111alim ili lo\u0161e pripremljenim \u010deli\u010dnim povr\u0161inama za koje je\u2026 <a class=\"continue-reading-link\" href=\"https:\/\/cortecros.com\/hr\/product\/corrverter-mci-rust-primer\/\">nastavi \u010ditati<\/a><\/p>\n","protected":false},"featured_media":4358,"template":"","meta":{"ngg_post_thumbnail":0,"_links_to":"","_links_to_target":""},"product_brand":[],"product_cat":[42],"product_tag":[],"class_list":{"0":"post-4353","1":"product","2":"type-product","3":"status-publish","4":"has-post-thumbnail","6":"product_cat-mci-proizvodi-za-graditeljstvo","8":"first","9":"instock","10":"shipping-taxable","11":"product-type-simple"},"_links":{"self":[{"href":"https:\/\/cortecros.com\/hr\/wp-json\/wp\/v2\/product\/4353","targetHints":{"allow":["GET"]}}],"collection":[{"href":"https:\/\/cortecros.com\/hr\/wp-json\/wp\/v2\/product"}],"about":[{"href":"https:\/\/cortecros.com\/hr\/wp-json\/wp\/v2\/types\/product"}],"wp:featuredmedia":[{"embeddable":true,"href":"https:\/\/cortecros.com\/hr\/wp-json\/wp\/v2\/media\/4358"}],"wp:attachment":[{"href":"https:\/\/cortecros.com\/hr\/wp-json\/wp\/v2\/media?parent=4353"}],"wp:term":[{"taxonomy":"product_brand","embeddable":true,"href":"https:\/\/cortecros.com\/hr\/wp-json\/wp\/v2\/product_brand?post=4353"},{"taxonomy":"product_cat","embeddable":true,"href":"https:\/\/cortecros.com\/hr\/wp-json\/wp\/v2\/product_cat?post=4353"},{"taxonomy":"product_tag","embeddable":true,"href":"https:\/\/cortecros.com\/hr\/wp-json\/wp\/v2\/product_tag?post=4353"}],"curies":[{"name":"wp","href":"https:\/\/api.w.org\/{rel}","templated":true}]}}