{"id":447,"date":"2017-05-04T19:07:24","date_gmt":"2017-05-04T19:07:24","guid":{"rendered":"http:\/\/cortecros.com\/product\/vpci-150-spuzvaste-impregnirane-vrpce-patentirano\/"},"modified":"2017-08-04T10:03:07","modified_gmt":"2017-08-04T10:03:07","slug":"vpci-150-spuzvaste-impregnirane-vrpce-patentirano","status":"publish","type":"product","link":"https:\/\/cortecros.com\/hr\/product\/vpci-150-spuzvaste-impregnirane-vrpce-patentirano\/","title":{"rendered":"VpCI-150 Spu\u017evaste impregnirane vrpce, patentirano"},"content":{"rendered":"<p>VpCI-150 i 170 trake osiguravaju za\u0161titu od korozije metalnih komponenti i dijelova uklju\u010duju\u0107i i neventilirane kontrolne ormari\u0107e ili kutije za alat. VpCI-150 \u0161titi 11,3 litre zatvorenog prostora po 2,5 cm du\u017eine, a VpCI-170 \u0161titi 28,3 litre zatvorenog prostora po 2,5 cm du\u017eine. Pare halapljivih inhibitora formiraju molekularni film na povr\u0161ini metala te osiguravaju za\u0161titu od korozije elektri\u010dne i elektroni\u010dke opreme tijekom rada, transporta ili skladi\u0161tenja. VpCI-150 i VpCI-170 su patentirana spu\u017eva u obliku trake preko koje inhibitori korozije absorbiraju vlagu i zaga\u0111enja koje mogu u\u0107i u prostor koji se za\u0161ti\u0107uje. Osiguravaju dugotrajnu za\u0161titu od korozije \u010dak u prisutnosti \u0161tetnih djelovanja soli, vlage, zaga\u0111enja iz zraka, H<sub>2<\/sub>S, SO<sub>2<\/sub>,NH<sub>3 <\/sub>i ostalo.<br \/>\n<b>Pakiranje:<\/b> 6 rola u kutiji VpCI-150 i 1 rola u kutijij VpCI-170.<\/p>\n<p>Tehni\u010dki list proizvoda (TLP)<\/p>\n<p><a href=\"https:\/\/cortecros.com\/wp-content\/uploads\/2017\/08\/VpCI-150-i-170.pdf\">VpCI-150 i 170<\/a><\/p>\n","protected":false},"excerpt":{"rendered":"<p>VpCI-150 i 170 trake osiguravaju za\u0161titu od korozije metalnih komponenti i dijelova uklju\u010duju\u0107i i neventilirane kontrolne ormari\u0107e ili kutije za alat. VpCI-150 \u0161titi 11,3 litre zatvorenog prostora po 2,5 cm du\u017eine, a VpCI-170 \u0161titi 28,3 litre zatvorenog prostora po 2,5 cm du\u017eine. Pare halapljivih inhibitora formiraju molekularni film na povr\u0161ini\u2026 <a class=\"continue-reading-link\" href=\"https:\/\/cortecros.com\/hr\/product\/vpci-150-spuzvaste-impregnirane-vrpce-patentirano\/\">nastavi \u010ditati<\/a><\/p>\n","protected":false},"featured_media":425,"template":"","meta":{"ngg_post_thumbnail":0,"_links_to":"","_links_to_target":""},"product_brand":[],"product_cat":[34,38,33],"product_tag":[],"class_list":{"0":"post-447","1":"product","2":"type-product","3":"status-publish","4":"has-post-thumbnail","6":"product_cat-aditivi-za-ulja-obradu-voda-i-inhibitori-korozije-za-naftnu-industriju","7":"product_cat-vpci-proizvodi-za-pakiranje-i-konzervaciju","8":"product_cat-vpci-proizvodi-za-zastitu-elektricnih-i-elektronickih-uredaja","10":"first","11":"instock","12":"shipping-taxable","13":"product-type-simple"},"_links":{"self":[{"href":"https:\/\/cortecros.com\/hr\/wp-json\/wp\/v2\/product\/447","targetHints":{"allow":["GET"]}}],"collection":[{"href":"https:\/\/cortecros.com\/hr\/wp-json\/wp\/v2\/product"}],"about":[{"href":"https:\/\/cortecros.com\/hr\/wp-json\/wp\/v2\/types\/product"}],"wp:featuredmedia":[{"embeddable":true,"href":"https:\/\/cortecros.com\/hr\/wp-json\/wp\/v2\/media\/425"}],"wp:attachment":[{"href":"https:\/\/cortecros.com\/hr\/wp-json\/wp\/v2\/media?parent=447"}],"wp:term":[{"taxonomy":"product_brand","embeddable":true,"href":"https:\/\/cortecros.com\/hr\/wp-json\/wp\/v2\/product_brand?post=447"},{"taxonomy":"product_cat","embeddable":true,"href":"https:\/\/cortecros.com\/hr\/wp-json\/wp\/v2\/product_cat?post=447"},{"taxonomy":"product_tag","embeddable":true,"href":"https:\/\/cortecros.com\/hr\/wp-json\/wp\/v2\/product_tag?post=447"}],"curies":[{"name":"wp","href":"https:\/\/api.w.org\/{rel}","templated":true}]}}