{"id":448,"date":"2017-05-04T19:06:46","date_gmt":"2017-05-04T19:06:46","guid":{"rendered":"http:\/\/cortecros.com\/product\/vpci-111-plasticni-emiter\/"},"modified":"2019-05-07T11:09:31","modified_gmt":"2019-05-07T11:09:31","slug":"vpci-111-plasticni-emiter","status":"publish","type":"product","link":"https:\/\/cortecros.com\/hr\/product\/vpci-111-plasticni-emiter\/","title":{"rendered":"VpCI-111 Plasti\u010dni Emiter"},"content":{"rendered":"<p>Novo jedinstveno dvostruko djelovanje:adsorpcija i VpCI za\u0161tita<br \/>\nTyvek di\u0161u\u0107a membrana, plasti\u010dna patrona napunjena VpCI-om bez nitrita, za vi\u0161e &#8211; metalnu za\u0161titu. Samoljepljiva pole\u0111ina i pojedina\u010dno zapakirano u plasti\u010dne vre\u0107ice. VpCI \u2013 111 (58.4 mm promjer, visina 32.26. mm). Jedan emiter se koristi za za\u0161titu 313 dm<sup>3<\/sup>zatvorenog prostora.<br \/>\n<b>Pakiranje:<\/b> 10 komada u kutiji.<\/p>\n<p>Tehni\u010dki list proizvoda (TLP)<\/p>\n","protected":false},"excerpt":{"rendered":"<p>Novo jedinstveno dvostruko djelovanje:adsorpcija i VpCI za\u0161tita Tyvek di\u0161u\u0107a membrana, plasti\u010dna patrona napunjena VpCI-om bez nitrita, za vi\u0161e &#8211; metalnu za\u0161titu. Samoljepljiva pole\u0111ina i pojedina\u010dno zapakirano u plasti\u010dne vre\u0107ice. VpCI \u2013 111 (58.4 mm promjer, visina 32.26. mm). Jedan emiter se koristi za za\u0161titu 313 dm3zatvorenog prostora. Pakiranje: 10 komada\u2026 <a class=\"continue-reading-link\" href=\"https:\/\/cortecros.com\/hr\/product\/vpci-111-plasticni-emiter\/\">nastavi \u010ditati<\/a><\/p>\n","protected":false},"featured_media":427,"template":"","meta":{"ngg_post_thumbnail":0,"_links_to":"","_links_to_target":""},"product_brand":[],"product_cat":[34,33],"product_tag":[],"class_list":{"0":"post-448","1":"product","2":"type-product","3":"status-publish","4":"has-post-thumbnail","6":"product_cat-aditivi-za-ulja-obradu-voda-i-inhibitori-korozije-za-naftnu-industriju","7":"product_cat-vpci-proizvodi-za-zastitu-elektricnih-i-elektronickih-uredaja","9":"first","10":"instock","11":"shipping-taxable","12":"product-type-simple"},"_links":{"self":[{"href":"https:\/\/cortecros.com\/hr\/wp-json\/wp\/v2\/product\/448","targetHints":{"allow":["GET"]}}],"collection":[{"href":"https:\/\/cortecros.com\/hr\/wp-json\/wp\/v2\/product"}],"about":[{"href":"https:\/\/cortecros.com\/hr\/wp-json\/wp\/v2\/types\/product"}],"wp:featuredmedia":[{"embeddable":true,"href":"https:\/\/cortecros.com\/hr\/wp-json\/wp\/v2\/media\/427"}],"wp:attachment":[{"href":"https:\/\/cortecros.com\/hr\/wp-json\/wp\/v2\/media?parent=448"}],"wp:term":[{"taxonomy":"product_brand","embeddable":true,"href":"https:\/\/cortecros.com\/hr\/wp-json\/wp\/v2\/product_brand?post=448"},{"taxonomy":"product_cat","embeddable":true,"href":"https:\/\/cortecros.com\/hr\/wp-json\/wp\/v2\/product_cat?post=448"},{"taxonomy":"product_tag","embeddable":true,"href":"https:\/\/cortecros.com\/hr\/wp-json\/wp\/v2\/product_tag?post=448"}],"curies":[{"name":"wp","href":"https:\/\/api.w.org\/{rel}","templated":true}]}}