{"id":449,"date":"2017-05-04T19:03:02","date_gmt":"2017-05-04T19:03:02","guid":{"rendered":"http:\/\/cortecros.com\/product\/vpci-105-plasticni-emiter\/"},"modified":"2017-07-13T08:51:17","modified_gmt":"2017-07-13T08:51:17","slug":"vpci-105-plasticni-emiter","status":"publish","type":"product","link":"https:\/\/cortecros.com\/hr\/product\/vpci-105-plasticni-emiter\/","title":{"rendered":"VpCI-105 Plasti\u010dni Emiter"},"content":{"rendered":"<p>NOVO jedinstveno dvostruko djelovanje: apsorpcija i VpCI za\u0161tita<br \/>\nTyvek di\u0161u\u0107a membrana, plasti\u010dna patrona napunjena VpCI-om bez nitrita, za multimetalnu za\u0161titu. Samoljepljiva pole\u0111ina i pojedina\u010dno zapakirano u plasti\u010dne vre\u0107ice. VpCI-105 emiter je kompaktne veli\u010dine kako bi stao u suvremene elektroni\u010dke kutije (promjer 58.5 mm, visina 19 mm). Koristi se 1 emiter za 142 dm<sup>3<\/sup> zatvorenog prostora.<br \/>\n<b>Pakiranje:<\/b> 20 komada VpCI -105 u kutiji.<\/p>\n<p>Tehni\u010dki list proizvoda (TLP)<\/p>\n<p><a href=\"https:\/\/cortecros.com\/wp-content\/uploads\/2017\/07\/VpCI-105.pdf\">VpCI-105<\/a><\/p>\n","protected":false},"excerpt":{"rendered":"<p>NOVO jedinstveno dvostruko djelovanje: apsorpcija i VpCI za\u0161tita Tyvek di\u0161u\u0107a membrana, plasti\u010dna patrona napunjena VpCI-om bez nitrita, za multimetalnu za\u0161titu. Samoljepljiva pole\u0111ina i pojedina\u010dno zapakirano u plasti\u010dne vre\u0107ice. VpCI-105 emiter je kompaktne veli\u010dine kako bi stao u suvremene elektroni\u010dke kutije (promjer 58.5 mm, visina 19 mm). Koristi se 1 emiter\u2026 <a class=\"continue-reading-link\" href=\"https:\/\/cortecros.com\/hr\/product\/vpci-105-plasticni-emiter\/\">nastavi \u010ditati<\/a><\/p>\n","protected":false},"featured_media":438,"template":"","meta":{"ngg_post_thumbnail":0,"_links_to":"","_links_to_target":""},"product_brand":[],"product_cat":[34,33],"product_tag":[],"class_list":{"0":"post-449","1":"product","2":"type-product","3":"status-publish","4":"has-post-thumbnail","6":"product_cat-aditivi-za-ulja-obradu-voda-i-inhibitori-korozije-za-naftnu-industriju","7":"product_cat-vpci-proizvodi-za-zastitu-elektricnih-i-elektronickih-uredaja","9":"first","10":"instock","11":"shipping-taxable","12":"product-type-simple"},"_links":{"self":[{"href":"https:\/\/cortecros.com\/hr\/wp-json\/wp\/v2\/product\/449","targetHints":{"allow":["GET"]}}],"collection":[{"href":"https:\/\/cortecros.com\/hr\/wp-json\/wp\/v2\/product"}],"about":[{"href":"https:\/\/cortecros.com\/hr\/wp-json\/wp\/v2\/types\/product"}],"wp:featuredmedia":[{"embeddable":true,"href":"https:\/\/cortecros.com\/hr\/wp-json\/wp\/v2\/media\/438"}],"wp:attachment":[{"href":"https:\/\/cortecros.com\/hr\/wp-json\/wp\/v2\/media?parent=449"}],"wp:term":[{"taxonomy":"product_brand","embeddable":true,"href":"https:\/\/cortecros.com\/hr\/wp-json\/wp\/v2\/product_brand?post=449"},{"taxonomy":"product_cat","embeddable":true,"href":"https:\/\/cortecros.com\/hr\/wp-json\/wp\/v2\/product_cat?post=449"},{"taxonomy":"product_tag","embeddable":true,"href":"https:\/\/cortecros.com\/hr\/wp-json\/wp\/v2\/product_tag?post=449"}],"curies":[{"name":"wp","href":"https:\/\/api.w.org\/{rel}","templated":true}]}}