{"id":450,"date":"2017-05-04T19:02:25","date_gmt":"2017-05-04T19:02:25","guid":{"rendered":"http:\/\/cortecros.com\/product\/vpci-101-impregnirana-spuzva-patentirano\/"},"modified":"2019-05-07T11:08:46","modified_gmt":"2019-05-07T11:08:46","slug":"vpci-101-impregnirana-spuzva-patentirano","status":"publish","type":"product","link":"https:\/\/cortecros.com\/hr\/product\/vpci-101-impregnirana-spuzva-patentirano\/","title":{"rendered":"VpCI-101 Impregnirana spu\u017eva, patentirano"},"content":{"rendered":"<p>VpCI-101 ima dvostruko djelovanje:apsorpcija valge i VpCI za\u0161tita od korozije. VpCI impregnirana spu\u017eva za za\u0161titu svih vrsta metala. VpCI-101 ima samoljepljivu traku na pole\u0111ini i pojedina\u010dno je pakiran u plasti\u010dnu vre\u0107icu. Dimenzije su 32 mm x 76 mm x 6 mm (\u0161irina x du\u017eina x debljina). Koristiti jednu spu\u017evu za 28 litara zatvorenog prostora. Bez nitrita, neotrovan, ne zaga\u0111uje.<br \/>\n<b>Pakiranje:<\/b> 50 komada u kutiji.<\/p>\n<p>Tehni\u010dki list proizvoda (TLP)<\/p>\n<p><a href=\"https:\/\/cortecros.com\/wp-content\/uploads\/2017\/07\/VpCI-101.pdf\">VpCI-101<\/a><\/p>\n","protected":false},"excerpt":{"rendered":"<p>VpCI-101 ima dvostruko djelovanje:apsorpcija valge i VpCI za\u0161tita od korozije. VpCI impregnirana spu\u017eva za za\u0161titu svih vrsta metala. VpCI-101 ima samoljepljivu traku na pole\u0111ini i pojedina\u010dno je pakiran u plasti\u010dnu vre\u0107icu. Dimenzije su 32 mm x 76 mm x 6 mm (\u0161irina x du\u017eina x debljina). Koristiti jednu spu\u017evu za\u2026 <a class=\"continue-reading-link\" href=\"https:\/\/cortecros.com\/hr\/product\/vpci-101-impregnirana-spuzva-patentirano\/\">nastavi \u010ditati<\/a><\/p>\n","protected":false},"featured_media":433,"template":"","meta":{"ngg_post_thumbnail":0,"_links_to":"","_links_to_target":""},"product_brand":[],"product_cat":[34,33],"product_tag":[],"class_list":{"0":"post-450","1":"product","2":"type-product","3":"status-publish","4":"has-post-thumbnail","6":"product_cat-aditivi-za-ulja-obradu-voda-i-inhibitori-korozije-za-naftnu-industriju","7":"product_cat-vpci-proizvodi-za-zastitu-elektricnih-i-elektronickih-uredaja","9":"first","10":"instock","11":"shipping-taxable","12":"product-type-simple"},"_links":{"self":[{"href":"https:\/\/cortecros.com\/hr\/wp-json\/wp\/v2\/product\/450","targetHints":{"allow":["GET"]}}],"collection":[{"href":"https:\/\/cortecros.com\/hr\/wp-json\/wp\/v2\/product"}],"about":[{"href":"https:\/\/cortecros.com\/hr\/wp-json\/wp\/v2\/types\/product"}],"wp:featuredmedia":[{"embeddable":true,"href":"https:\/\/cortecros.com\/hr\/wp-json\/wp\/v2\/media\/433"}],"wp:attachment":[{"href":"https:\/\/cortecros.com\/hr\/wp-json\/wp\/v2\/media?parent=450"}],"wp:term":[{"taxonomy":"product_brand","embeddable":true,"href":"https:\/\/cortecros.com\/hr\/wp-json\/wp\/v2\/product_brand?post=450"},{"taxonomy":"product_cat","embeddable":true,"href":"https:\/\/cortecros.com\/hr\/wp-json\/wp\/v2\/product_cat?post=450"},{"taxonomy":"product_tag","embeddable":true,"href":"https:\/\/cortecros.com\/hr\/wp-json\/wp\/v2\/product_tag?post=450"}],"curies":[{"name":"wp","href":"https:\/\/api.w.org\/{rel}","templated":true}]}}