{"id":451,"date":"2017-05-04T19:01:38","date_gmt":"2017-05-04T19:01:38","guid":{"rendered":"http:\/\/cortecros.com\/product\/electricorr-vpci-286\/"},"modified":"2019-05-07T08:53:04","modified_gmt":"2019-05-07T08:53:04","slug":"electricorr-vpci-286","status":"publish","type":"product","link":"https:\/\/cortecros.com\/hr\/product\/electricorr-vpci-286\/","title":{"rendered":"ElectriCorr\u00ae VpCI\u00ae-286"},"content":{"rendered":"<p>Nevodljivi za\u0161titni akrilni premaz koji osigurava otpornost na koroziju pomo\u0107u hlapljivih inhibitora korozije.<br \/>\n<b>Pakiranje:<\/b> 19 l kanistri, 208 l ba\u010dve, 0.33 l aerosol<\/p>\n<p>Tehni\u010dki list proizvoda (TLP)<\/p>\n","protected":false},"excerpt":{"rendered":"<p>Nevodljivi za\u0161titni akrilni premaz koji osigurava otpornost na koroziju pomo\u0107u hlapljivih inhibitora korozije. Pakiranje: 19 l kanistri, 208 l ba\u010dve, 0.33 l aerosol Tehni\u010dki list proizvoda (TLP) <a class=\"continue-reading-link\" href=\"https:\/\/cortecros.com\/hr\/product\/electricorr-vpci-286\/\">nastavi \u010ditati<\/a><\/p>\n","protected":false},"featured_media":442,"template":"","meta":{"ngg_post_thumbnail":0,"_links_to":"","_links_to_target":""},"product_brand":[],"product_cat":[33],"product_tag":[],"class_list":{"0":"post-451","1":"product","2":"type-product","3":"status-publish","4":"has-post-thumbnail","6":"product_cat-vpci-proizvodi-za-zastitu-elektricnih-i-elektronickih-uredaja","8":"first","9":"instock","10":"shipping-taxable","11":"product-type-simple"},"_links":{"self":[{"href":"https:\/\/cortecros.com\/hr\/wp-json\/wp\/v2\/product\/451","targetHints":{"allow":["GET"]}}],"collection":[{"href":"https:\/\/cortecros.com\/hr\/wp-json\/wp\/v2\/product"}],"about":[{"href":"https:\/\/cortecros.com\/hr\/wp-json\/wp\/v2\/types\/product"}],"wp:featuredmedia":[{"embeddable":true,"href":"https:\/\/cortecros.com\/hr\/wp-json\/wp\/v2\/media\/442"}],"wp:attachment":[{"href":"https:\/\/cortecros.com\/hr\/wp-json\/wp\/v2\/media?parent=451"}],"wp:term":[{"taxonomy":"product_brand","embeddable":true,"href":"https:\/\/cortecros.com\/hr\/wp-json\/wp\/v2\/product_brand?post=451"},{"taxonomy":"product_cat","embeddable":true,"href":"https:\/\/cortecros.com\/hr\/wp-json\/wp\/v2\/product_cat?post=451"},{"taxonomy":"product_tag","embeddable":true,"href":"https:\/\/cortecros.com\/hr\/wp-json\/wp\/v2\/product_tag?post=451"}],"curies":[{"name":"wp","href":"https:\/\/api.w.org\/{rel}","templated":true}]}}