{"id":452,"date":"2017-05-04T19:00:59","date_gmt":"2017-05-04T19:00:59","guid":{"rendered":"http:\/\/cortecros.com\/product\/electricorr-vpci-239\/"},"modified":"2021-05-12T08:50:53","modified_gmt":"2021-05-12T08:50:53","slug":"electricorr-vpci-239","status":"publish","type":"product","link":"https:\/\/cortecros.com\/hr\/product\/electricorr-vpci-239\/","title":{"rendered":"ElectriCorr\u00ae VpCI\u00ae-239"},"content":{"rendered":"<p>VpCI-239 koristiti se za za\u0161titu nisko-naponskih krugova ili releja bez bojazni za promjene u kondukciji. Mo\u017ee biti sigurno kori\u0161ten sa plastikom, gumom i drugim ne-metalima. U uvjetima za\u0161tite od korozije, VCI-239 je izvrstan \u010dista\u010d kontakta od ulja i drugih ne\u010disto\u0107a. VpCI-239 je efektna za\u0161tita od galvanske korozije za ve\u0107inu metala kao \u0161to su aluminij, bakar, obojeni i neobojeni metali, te zbog toga svoju primjenu nalazi u elektronici.<br \/>\n<b>Pakiranje:<\/b> 0.33 l aerosol<\/p>\n<p><a href=\"https:\/\/cortecros.com\/wp-content\/uploads\/2021\/05\/Electricorr-VpCI-239.pdf\">Tehni\u010dki list proizvoda (TLP)<\/a><\/p>\n","protected":false},"excerpt":{"rendered":"<p>VpCI-239 koristiti se za za\u0161titu nisko-naponskih krugova ili releja bez bojazni za promjene u kondukciji. Mo\u017ee biti sigurno kori\u0161ten sa plastikom, gumom i drugim ne-metalima. U uvjetima za\u0161tite od korozije, VCI-239 je izvrstan \u010dista\u010d kontakta od ulja i drugih ne\u010disto\u0107a. VpCI-239 je efektna za\u0161tita od galvanske korozije za ve\u0107inu metala\u2026 <a class=\"continue-reading-link\" href=\"https:\/\/cortecros.com\/hr\/product\/electricorr-vpci-239\/\">nastavi \u010ditati<\/a><\/p>\n","protected":false},"featured_media":445,"template":"","meta":{"ngg_post_thumbnail":0,"_links_to":"","_links_to_target":""},"product_brand":[],"product_cat":[33],"product_tag":[],"class_list":{"0":"post-452","1":"product","2":"type-product","3":"status-publish","4":"has-post-thumbnail","6":"product_cat-vpci-proizvodi-za-zastitu-elektricnih-i-elektronickih-uredaja","8":"first","9":"instock","10":"shipping-taxable","11":"product-type-simple"},"_links":{"self":[{"href":"https:\/\/cortecros.com\/hr\/wp-json\/wp\/v2\/product\/452","targetHints":{"allow":["GET"]}}],"collection":[{"href":"https:\/\/cortecros.com\/hr\/wp-json\/wp\/v2\/product"}],"about":[{"href":"https:\/\/cortecros.com\/hr\/wp-json\/wp\/v2\/types\/product"}],"wp:featuredmedia":[{"embeddable":true,"href":"https:\/\/cortecros.com\/hr\/wp-json\/wp\/v2\/media\/445"}],"wp:attachment":[{"href":"https:\/\/cortecros.com\/hr\/wp-json\/wp\/v2\/media?parent=452"}],"wp:term":[{"taxonomy":"product_brand","embeddable":true,"href":"https:\/\/cortecros.com\/hr\/wp-json\/wp\/v2\/product_brand?post=452"},{"taxonomy":"product_cat","embeddable":true,"href":"https:\/\/cortecros.com\/hr\/wp-json\/wp\/v2\/product_cat?post=452"},{"taxonomy":"product_tag","embeddable":true,"href":"https:\/\/cortecros.com\/hr\/wp-json\/wp\/v2\/product_tag?post=452"}],"curies":[{"name":"wp","href":"https:\/\/api.w.org\/{rel}","templated":true}]}}