{"id":453,"date":"2017-05-04T18:55:25","date_gmt":"2017-05-04T18:55:25","guid":{"rendered":"http:\/\/cortecros.com\/product\/electricorr-vpci-238\/"},"modified":"2021-05-12T08:50:40","modified_gmt":"2021-05-12T08:50:40","slug":"electricorr-vpci-238","status":"publish","type":"product","link":"https:\/\/cortecros.com\/hr\/product\/electricorr-vpci-238\/","title":{"rendered":"ElectriCorr\u00ae VpCI-238"},"content":{"rendered":"<p>Nova vi\u0161enamjenska formulacija omogu\u0107uje trostruku za\u0161titu: inibiciju metala od korozije, antistati\u010dko djelovanje i \u010di\u0161\u0107enje povr\u0161ine kontakata. VpCI-238 stvara vrlo tanki film koji \u0161titi od agresivnog djelovanja okoli\u0161a, uklju\u010duju\u0107i industrijske, pomorske i tropske klimatske uvjete. Ovaj film ne utje\u010de na elektri\u010dne ili magnetske osobine metala. VpCI-238 mo\u017ee se sigurno koristiti za za\u0161titu nisko-naponskih krugova ili releja bez bojazni za promjene u kondukciji. Mo\u017ee biti sigurno kori\u0161ten sa plastikom, gumom i drugim ne-metalima. U uvjetima za\u0161tite od korozije, VpCI-238 je izvrstan \u010dista\u010d kontakta od ulja i drugih ne\u010disto\u0107a. VpCI-238 je efektna za\u0161tita od galvanske korozije za ve\u0107inu metala kao \u0161to su aluminij, bakar, obojeni i neobojeni metali, te zbog toga svoju primjenu nalazi u elektronici.<br \/>\n<b>Pakiranje: <\/b>19 l kanister; 208 l ba\u010dva;Eco spary 480 ml i 360 ml aerosol.<\/p>\n<p><a href=\"https:\/\/cortecros.com\/wp-content\/uploads\/2021\/05\/Electricorr-VpCI-238.pdf\">Tehni\u010dki list proizvoda (TLP)<\/a><\/p>\n","protected":false},"excerpt":{"rendered":"<p>Nova vi\u0161enamjenska formulacija omogu\u0107uje trostruku za\u0161titu: inibiciju metala od korozije, antistati\u010dko djelovanje i \u010di\u0161\u0107enje povr\u0161ine kontakata. VpCI-238 stvara vrlo tanki film koji \u0161titi od agresivnog djelovanja okoli\u0161a, uklju\u010duju\u0107i industrijske, pomorske i tropske klimatske uvjete. Ovaj film ne utje\u010de na elektri\u010dne ili magnetske osobine metala. VpCI-238 mo\u017ee se sigurno koristiti za\u2026 <a class=\"continue-reading-link\" href=\"https:\/\/cortecros.com\/hr\/product\/electricorr-vpci-238\/\">nastavi \u010ditati<\/a><\/p>\n","protected":false},"featured_media":440,"template":"","meta":{"ngg_post_thumbnail":0,"_links_to":"","_links_to_target":""},"product_brand":[],"product_cat":[33],"product_tag":[],"class_list":{"0":"post-453","1":"product","2":"type-product","3":"status-publish","4":"has-post-thumbnail","6":"product_cat-vpci-proizvodi-za-zastitu-elektricnih-i-elektronickih-uredaja","8":"first","9":"instock","10":"shipping-taxable","11":"product-type-simple"},"_links":{"self":[{"href":"https:\/\/cortecros.com\/hr\/wp-json\/wp\/v2\/product\/453","targetHints":{"allow":["GET"]}}],"collection":[{"href":"https:\/\/cortecros.com\/hr\/wp-json\/wp\/v2\/product"}],"about":[{"href":"https:\/\/cortecros.com\/hr\/wp-json\/wp\/v2\/types\/product"}],"wp:featuredmedia":[{"embeddable":true,"href":"https:\/\/cortecros.com\/hr\/wp-json\/wp\/v2\/media\/440"}],"wp:attachment":[{"href":"https:\/\/cortecros.com\/hr\/wp-json\/wp\/v2\/media?parent=453"}],"wp:term":[{"taxonomy":"product_brand","embeddable":true,"href":"https:\/\/cortecros.com\/hr\/wp-json\/wp\/v2\/product_brand?post=453"},{"taxonomy":"product_cat","embeddable":true,"href":"https:\/\/cortecros.com\/hr\/wp-json\/wp\/v2\/product_cat?post=453"},{"taxonomy":"product_tag","embeddable":true,"href":"https:\/\/cortecros.com\/hr\/wp-json\/wp\/v2\/product_tag?post=453"}],"curies":[{"name":"wp","href":"https:\/\/api.w.org\/{rel}","templated":true}]}}