{"id":454,"date":"2017-05-04T18:54:43","date_gmt":"2017-05-04T18:54:43","guid":{"rendered":"http:\/\/cortecros.com\/product\/desicorr-vpci-pouches\/"},"modified":"2017-08-04T09:13:46","modified_gmt":"2017-08-04T09:13:46","slug":"desicorr-vpci-vrecice","status":"publish","type":"product","link":"https:\/\/cortecros.com\/hr\/product\/desicorr-vpci-vrecice\/","title":{"rendered":"Desicorr\u00ae VpCI\u00ae Vre\u010dice"},"content":{"rendered":"<p>Desicorr\u2122 VpCI\u2122 je posebno dizajnirana, dva u jedan vre\u0107ica koja sadr\u017ei jedinstvenu kombinaciju sredstva za upijanje vlage i VpCI (hlapivog inhibitora korozije) za za\u0161titu od korozivnog djelovanja. Desicorr\u2122 VpCI\u2122 vre\u0107ice su idealne za za\u0161titu od korozije i drugih o\u0161te\u0107enja pod utjecajem vlage pakiranih crnih i obojenih metala.<br \/>\nDualna funckija Desicorr\u2122 VpCI\u2122 vre\u0107ica omogu\u0107ava smanjenje vlage u zraku (desikant-upija\u010d vlage) i pru\u017ea pouzdanu multimetalnu za\u0161titu od korozije ( VpCI) tijekom skledi\u0161tenja ili transporta pakiranih metalnih dijelova.<\/p>\n<p><strong>Pakiranje:<\/strong> u kartonima po 300 kom.<\/p>\n<p>Tehni\u010dki list proizvoda (TLP)<\/p>\n<p><a href=\"https:\/\/cortecros.com\/wp-content\/uploads\/2017\/08\/Desicorr-VpCI.pdf\">Desicorr VpCI<\/a><\/p>\n","protected":false},"excerpt":{"rendered":"<p>Desicorr\u2122 VpCI\u2122 je posebno dizajnirana, dva u jedan vre\u0107ica koja sadr\u017ei jedinstvenu kombinaciju sredstva za upijanje vlage i VpCI (hlapivog inhibitora korozije) za za\u0161titu od korozivnog djelovanja. Desicorr\u2122 VpCI\u2122 vre\u0107ice su idealne za za\u0161titu od korozije i drugih o\u0161te\u0107enja pod utjecajem vlage pakiranih crnih i obojenih metala. Dualna funckija Desicorr\u2122\u2026 <a class=\"continue-reading-link\" href=\"https:\/\/cortecros.com\/hr\/product\/desicorr-vpci-vrecice\/\">nastavi \u010ditati<\/a><\/p>\n","protected":false},"featured_media":407,"template":"","meta":{"ngg_post_thumbnail":0,"_links_to":"","_links_to_target":""},"product_brand":[],"product_cat":[33],"product_tag":[],"class_list":{"0":"post-454","1":"product","2":"type-product","3":"status-publish","4":"has-post-thumbnail","6":"product_cat-vpci-proizvodi-za-zastitu-elektricnih-i-elektronickih-uredaja","8":"first","9":"instock","10":"shipping-taxable","11":"product-type-simple"},"_links":{"self":[{"href":"https:\/\/cortecros.com\/hr\/wp-json\/wp\/v2\/product\/454","targetHints":{"allow":["GET"]}}],"collection":[{"href":"https:\/\/cortecros.com\/hr\/wp-json\/wp\/v2\/product"}],"about":[{"href":"https:\/\/cortecros.com\/hr\/wp-json\/wp\/v2\/types\/product"}],"wp:featuredmedia":[{"embeddable":true,"href":"https:\/\/cortecros.com\/hr\/wp-json\/wp\/v2\/media\/407"}],"wp:attachment":[{"href":"https:\/\/cortecros.com\/hr\/wp-json\/wp\/v2\/media?parent=454"}],"wp:term":[{"taxonomy":"product_brand","embeddable":true,"href":"https:\/\/cortecros.com\/hr\/wp-json\/wp\/v2\/product_brand?post=454"},{"taxonomy":"product_cat","embeddable":true,"href":"https:\/\/cortecros.com\/hr\/wp-json\/wp\/v2\/product_cat?post=454"},{"taxonomy":"product_tag","embeddable":true,"href":"https:\/\/cortecros.com\/hr\/wp-json\/wp\/v2\/product_tag?post=454"}],"curies":[{"name":"wp","href":"https:\/\/api.w.org\/{rel}","templated":true}]}}