{"id":455,"date":"2017-05-04T18:53:42","date_gmt":"2017-05-04T18:53:42","guid":{"rendered":"http:\/\/cortecros.com\/product\/desicorr-pouches\/"},"modified":"2017-08-04T09:11:22","modified_gmt":"2017-08-04T09:11:22","slug":"desicorr-vrecice","status":"publish","type":"product","link":"https:\/\/cortecros.com\/hr\/product\/desicorr-vrecice\/","title":{"rendered":"Desicorr\u00ae Vre\u010dice"},"content":{"rendered":"<p>Desicorr\u2122 su specijalno izra\u0111ene vre\u0107ice za za\u0161titu proizvoda od vlage. Bilo da su uskladi\u0161teni ili se prevoze, proizvodi gotovo svake industrije zahtijevaju za\u0161titu od vlage.<br \/>\nPlijesan, humus, hr\u0111a i ukupno smanjenje djelotvornosti proizvoda su uobi\u010dajeni efekti vlage \u0161to rezultira milijunima vra\u0107enih ili neupotrebljivih proizvoda svake godine.<br \/>\nDesicorr\u2122 vre\u0107ice poma\u017eu sprije\u010diti o\u0161te\u0107enja tako \u0161to upijaju iz zraka u pakiranju.<br \/>\n<b>Pakiranje:<\/b>\u00a0300 komada po kartonu<\/p>\n<p>Tehni\u010dki list proizvoda (TLP)<\/p>\n<p><a href=\"https:\/\/cortecros.com\/wp-content\/uploads\/2017\/08\/Desicorr.pdf\">Desicorr<\/a><\/p>\n","protected":false},"excerpt":{"rendered":"<p>Desicorr\u2122 su specijalno izra\u0111ene vre\u0107ice za za\u0161titu proizvoda od vlage. Bilo da su uskladi\u0161teni ili se prevoze, proizvodi gotovo svake industrije zahtijevaju za\u0161titu od vlage. Plijesan, humus, hr\u0111a i ukupno smanjenje djelotvornosti proizvoda su uobi\u010dajeni efekti vlage \u0161to rezultira milijunima vra\u0107enih ili neupotrebljivih proizvoda svake godine. Desicorr\u2122 vre\u0107ice poma\u017eu sprije\u010diti\u2026 <a class=\"continue-reading-link\" href=\"https:\/\/cortecros.com\/hr\/product\/desicorr-vrecice\/\">nastavi \u010ditati<\/a><\/p>\n","protected":false},"featured_media":407,"template":"","meta":{"ngg_post_thumbnail":0,"_links_to":"","_links_to_target":""},"product_brand":[],"product_cat":[33],"product_tag":[],"class_list":{"0":"post-455","1":"product","2":"type-product","3":"status-publish","4":"has-post-thumbnail","6":"product_cat-vpci-proizvodi-za-zastitu-elektricnih-i-elektronickih-uredaja","8":"first","9":"instock","10":"shipping-taxable","11":"product-type-simple"},"_links":{"self":[{"href":"https:\/\/cortecros.com\/hr\/wp-json\/wp\/v2\/product\/455","targetHints":{"allow":["GET"]}}],"collection":[{"href":"https:\/\/cortecros.com\/hr\/wp-json\/wp\/v2\/product"}],"about":[{"href":"https:\/\/cortecros.com\/hr\/wp-json\/wp\/v2\/types\/product"}],"wp:featuredmedia":[{"embeddable":true,"href":"https:\/\/cortecros.com\/hr\/wp-json\/wp\/v2\/media\/407"}],"wp:attachment":[{"href":"https:\/\/cortecros.com\/hr\/wp-json\/wp\/v2\/media?parent=455"}],"wp:term":[{"taxonomy":"product_brand","embeddable":true,"href":"https:\/\/cortecros.com\/hr\/wp-json\/wp\/v2\/product_brand?post=455"},{"taxonomy":"product_cat","embeddable":true,"href":"https:\/\/cortecros.com\/hr\/wp-json\/wp\/v2\/product_cat?post=455"},{"taxonomy":"product_tag","embeddable":true,"href":"https:\/\/cortecros.com\/hr\/wp-json\/wp\/v2\/product_tag?post=455"}],"curies":[{"name":"wp","href":"https:\/\/api.w.org\/{rel}","templated":true}]}}