{"id":456,"date":"2017-05-04T18:52:59","date_gmt":"2017-05-04T18:52:59","guid":{"rendered":"http:\/\/cortecros.com\/product\/corwipe\/"},"modified":"2019-05-07T12:57:48","modified_gmt":"2019-05-07T12:57:48","slug":"corwipe","status":"publish","type":"product","link":"https:\/\/cortecros.com\/hr\/product\/corwipe\/","title":{"rendered":"Corwipe<sup>\u00ae<\/sup>"},"content":{"rendered":"<p>Brisa\u010d za uklanjanje masti, ulja i lagane hr\u0111e sa metala. Tijekom \u010di\u0161\u0107enja ostavlja tanak film inhibitora korozije na povr\u0161ini metala.<br \/>\n<b>Pakiranje:<\/b>\u00a025 kom, 12 kom \/ karton<\/p>\n<p><a href=\"https:\/\/cortecros.com\/wp-content\/uploads\/2019\/05\/Corwipe.pdf\"><strong>Tehni\u010dki list proizvoda\u00a0<\/strong><\/a><\/p>\n","protected":false},"excerpt":{"rendered":"<p>Brisa\u010d za uklanjanje masti, ulja i lagane hr\u0111e sa metala. Tijekom \u010di\u0161\u0107enja ostavlja tanak film inhibitora korozije na povr\u0161ini metala. Pakiranje:\u00a025 kom, 12 kom \/ karton Tehni\u010dki list proizvoda\u00a0 <a class=\"continue-reading-link\" href=\"https:\/\/cortecros.com\/hr\/product\/corwipe\/\">nastavi \u010ditati<\/a><\/p>\n","protected":false},"featured_media":403,"template":"","meta":{"ngg_post_thumbnail":0,"_links_to":"","_links_to_target":""},"product_brand":[],"product_cat":[33],"product_tag":[],"class_list":{"0":"post-456","1":"product","2":"type-product","3":"status-publish","4":"has-post-thumbnail","6":"product_cat-vpci-proizvodi-za-zastitu-elektricnih-i-elektronickih-uredaja","8":"first","9":"instock","10":"shipping-taxable","11":"product-type-simple"},"_links":{"self":[{"href":"https:\/\/cortecros.com\/hr\/wp-json\/wp\/v2\/product\/456","targetHints":{"allow":["GET"]}}],"collection":[{"href":"https:\/\/cortecros.com\/hr\/wp-json\/wp\/v2\/product"}],"about":[{"href":"https:\/\/cortecros.com\/hr\/wp-json\/wp\/v2\/types\/product"}],"wp:featuredmedia":[{"embeddable":true,"href":"https:\/\/cortecros.com\/hr\/wp-json\/wp\/v2\/media\/403"}],"wp:attachment":[{"href":"https:\/\/cortecros.com\/hr\/wp-json\/wp\/v2\/media?parent=456"}],"wp:term":[{"taxonomy":"product_brand","embeddable":true,"href":"https:\/\/cortecros.com\/hr\/wp-json\/wp\/v2\/product_brand?post=456"},{"taxonomy":"product_cat","embeddable":true,"href":"https:\/\/cortecros.com\/hr\/wp-json\/wp\/v2\/product_cat?post=456"},{"taxonomy":"product_tag","embeddable":true,"href":"https:\/\/cortecros.com\/hr\/wp-json\/wp\/v2\/product_tag?post=456"}],"curies":[{"name":"wp","href":"https:\/\/api.w.org\/{rel}","templated":true}]}}