{"id":457,"date":"2017-05-04T18:50:46","date_gmt":"2017-05-04T18:50:46","guid":{"rendered":"http:\/\/cortecros.com\/product\/corrosorber-apsorber-sumporovodika-2\/"},"modified":"2019-05-07T08:48:47","modified_gmt":"2019-05-07T08:48:47","slug":"corrosorber-apsorber-sumporovodika-2","status":"publish","type":"product","link":"https:\/\/cortecros.com\/hr\/product\/corrosorber-apsorber-sumporovodika-2\/","title":{"rendered":"Corrosorber\u00ae &#8211; Apsorber Sumporovodika"},"content":{"rendered":"<p>Corrosorber upija iz atmosfere sumporovodik, koji uzrokuju koroziju, te na taj na\u010din uklanja iz atmosfere i eliminira uzro\u010dnike pojave \u0161tete na metalu.<br \/>\nKemijske supstance Corrosorbera posebno su projektirane tako da mijenjaju boju iz bijele u crnu kada su zasi\u0107ene korozivnim plinovima iz atmosfere. Corrosorber ne otpu\u0161ta upijene korozivne plinove natrag u atmosferu. Reakcija je ireverzibilna, tako da nema posljedica od eventualne naknadne kontaminacije. Nije toksi\u010dan, ne zaga\u0111uje okoli\u0161. Mo\u017ee se rukovati bez za\u0161titne opreme.<br \/>\n<b>Pakiranje: <\/b>10 komada u kartonu<\/p>\n<p>Tehni\u010dki list proizvoda (TLP)<\/p>\n","protected":false},"excerpt":{"rendered":"<p>Corrosorber upija iz atmosfere sumporovodik, koji uzrokuju koroziju, te na taj na\u010din uklanja iz atmosfere i eliminira uzro\u010dnike pojave \u0161tete na metalu. Kemijske supstance Corrosorbera posebno su projektirane tako da mijenjaju boju iz bijele u crnu kada su zasi\u0107ene korozivnim plinovima iz atmosfere. Corrosorber ne otpu\u0161ta upijene korozivne plinove natrag\u2026 <a class=\"continue-reading-link\" href=\"https:\/\/cortecros.com\/hr\/product\/corrosorber-apsorber-sumporovodika-2\/\">nastavi \u010ditati<\/a><\/p>\n","protected":false},"featured_media":399,"template":"","meta":{"ngg_post_thumbnail":0,"_links_to":"","_links_to_target":""},"product_brand":[],"product_cat":[34,33],"product_tag":[],"class_list":{"0":"post-457","1":"product","2":"type-product","3":"status-publish","4":"has-post-thumbnail","6":"product_cat-aditivi-za-ulja-obradu-voda-i-inhibitori-korozije-za-naftnu-industriju","7":"product_cat-vpci-proizvodi-za-zastitu-elektricnih-i-elektronickih-uredaja","9":"first","10":"instock","11":"shipping-taxable","12":"product-type-simple"},"_links":{"self":[{"href":"https:\/\/cortecros.com\/hr\/wp-json\/wp\/v2\/product\/457","targetHints":{"allow":["GET"]}}],"collection":[{"href":"https:\/\/cortecros.com\/hr\/wp-json\/wp\/v2\/product"}],"about":[{"href":"https:\/\/cortecros.com\/hr\/wp-json\/wp\/v2\/types\/product"}],"wp:featuredmedia":[{"embeddable":true,"href":"https:\/\/cortecros.com\/hr\/wp-json\/wp\/v2\/media\/399"}],"wp:attachment":[{"href":"https:\/\/cortecros.com\/hr\/wp-json\/wp\/v2\/media?parent=457"}],"wp:term":[{"taxonomy":"product_brand","embeddable":true,"href":"https:\/\/cortecros.com\/hr\/wp-json\/wp\/v2\/product_brand?post=457"},{"taxonomy":"product_cat","embeddable":true,"href":"https:\/\/cortecros.com\/hr\/wp-json\/wp\/v2\/product_cat?post=457"},{"taxonomy":"product_tag","embeddable":true,"href":"https:\/\/cortecros.com\/hr\/wp-json\/wp\/v2\/product_tag?post=457"}],"curies":[{"name":"wp","href":"https:\/\/api.w.org\/{rel}","templated":true}]}}