{"id":492,"date":"2017-05-11T17:36:09","date_gmt":"2017-05-11T17:36:09","guid":{"rendered":"http:\/\/cortecros.com\/product\/vpci-125-static-dissipative-film\/"},"modified":"2019-05-07T12:36:11","modified_gmt":"2019-05-07T12:36:11","slug":"vpci-125-bio-2","status":"publish","type":"product","link":"https:\/\/cortecros.com\/hr\/product\/vpci-125-bio-2\/","title":{"rendered":"VpCI-125 Bio"},"content":{"rendered":"<p>VpCI-125 Bio ima izvanrednu sposobnost da \u0161titi od korozije i o\u0161te\u0107enja izazvana<br \/>\nelektrostati\u010dkim pra\u017enjenjem (ESD). Cortec VpCI filmovi i vre\u0107ice zamjenjuju uobi\u010dajena<br \/>\nza\u0161titna sredstva protiv korozije kao \u0161to su ulja i sredstva za su\u0161enje. Cortec VpCI<br \/>\npakiranja ne zahtijevaju uklanjanje premaza ni odma\u0161\u0107ivanje. Proizvod se mo\u017ee<br \/>\nupotrijebiti odmah. VpCI-125 Bio je potpuno biorazgradljiv, jednom odlo\u017een na<br \/>\nodlagali\u0161te razgra\u0111uje se na vodu i uglji\u010dni dioksid unutar 9 do 60 mjeseci.<br \/>\nZadovoljava zahtjevima MIL-PRF-81705D.<\/p>\n<p><a href=\"https:\/\/cortecros.com\/wp-content\/uploads\/2019\/05\/VpCI-125-Bio.pdf\"><strong>Tehni\u010dki list proizvoda<\/strong><\/a><\/p>\n","protected":false},"excerpt":{"rendered":"<p>VpCI-125 Bio ima izvanrednu sposobnost da \u0161titi od korozije i o\u0161te\u0107enja izazvana elektrostati\u010dkim pra\u017enjenjem (ESD). Cortec VpCI filmovi i vre\u0107ice zamjenjuju uobi\u010dajena za\u0161titna sredstva protiv korozije kao \u0161to su ulja i sredstva za su\u0161enje. Cortec VpCI pakiranja ne zahtijevaju uklanjanje premaza ni odma\u0161\u0107ivanje. Proizvod se mo\u017ee upotrijebiti odmah. VpCI-125 Bio\u2026 <a class=\"continue-reading-link\" href=\"https:\/\/cortecros.com\/hr\/product\/vpci-125-bio-2\/\">nastavi \u010ditati<\/a><\/p>\n","protected":false},"featured_media":474,"template":"","meta":{"ngg_post_thumbnail":0,"_links_to":"","_links_to_target":""},"product_brand":[],"product_cat":[38,33],"product_tag":[],"class_list":{"0":"post-492","1":"product","2":"type-product","3":"status-publish","4":"has-post-thumbnail","6":"product_cat-vpci-proizvodi-za-pakiranje-i-konzervaciju","7":"product_cat-vpci-proizvodi-za-zastitu-elektricnih-i-elektronickih-uredaja","9":"first","10":"instock","11":"shipping-taxable","12":"product-type-simple"},"_links":{"self":[{"href":"https:\/\/cortecros.com\/hr\/wp-json\/wp\/v2\/product\/492","targetHints":{"allow":["GET"]}}],"collection":[{"href":"https:\/\/cortecros.com\/hr\/wp-json\/wp\/v2\/product"}],"about":[{"href":"https:\/\/cortecros.com\/hr\/wp-json\/wp\/v2\/types\/product"}],"wp:featuredmedia":[{"embeddable":true,"href":"https:\/\/cortecros.com\/hr\/wp-json\/wp\/v2\/media\/474"}],"wp:attachment":[{"href":"https:\/\/cortecros.com\/hr\/wp-json\/wp\/v2\/media?parent=492"}],"wp:term":[{"taxonomy":"product_brand","embeddable":true,"href":"https:\/\/cortecros.com\/hr\/wp-json\/wp\/v2\/product_brand?post=492"},{"taxonomy":"product_cat","embeddable":true,"href":"https:\/\/cortecros.com\/hr\/wp-json\/wp\/v2\/product_cat?post=492"},{"taxonomy":"product_tag","embeddable":true,"href":"https:\/\/cortecros.com\/hr\/wp-json\/wp\/v2\/product_tag?post=492"}],"curies":[{"name":"wp","href":"https:\/\/api.w.org\/{rel}","templated":true}]}}