{"id":976,"date":"2017-05-17T18:43:39","date_gmt":"2017-05-17T18:43:39","guid":{"rendered":"http:\/\/cortecros.com\/product\/vpci-309-prah\/"},"modified":"2017-07-20T11:50:36","modified_gmt":"2017-07-20T11:50:36","slug":"vpci-309-prah","status":"publish","type":"product","link":"https:\/\/cortecros.com\/hr\/product\/vpci-309-prah\/","title":{"rendered":"VpCI\u00ae-309 Prah"},"content":{"rendered":"<p>VpCI\u00ae -309 je pra\u0161kasti inhibitor za za\u0161titu od korozije obojenih metala. Primjenjivati zapra\u0161ivanjem, prskanjem ili zamagljivanjem. Bez nitrita i kromata.ids.<\/p>\n<p><strong>Primjena:<\/strong>\u00a0 \u2022 Cjevaste konstrukcije, cijevi, plovila i turbine \u2022 Unutarnje povr\u0161ine kompresora, turbina, motora, spremnika, kotlova i izmjenjiva\u010da topline \u2022 Suho postavljanje sustava za hla\u0111enje zatvorenog kruga \u2022 Za\u0161tita opreme nakon hidrostatskog ispitivanja \u2022 Dijelovi i zavr\u0161eni sklopovi tijekom transporta i skladi\u0161tenja.<\/p>\n<p><strong>Za\u0161tita:<\/strong> Pru\u017ea do 24 mjeseca kontinuirane za\u0161tite.<\/p>\n<p><strong>Package: <\/strong>\u00a0(2.2 kg), (22,7 kg), \u00a0(45 kg)<\/p>\n<p><strong>Tehni\u010dki list proizvoda<\/strong><br \/>\n<a href=\"https:\/\/cortecros.com\/wp-content\/uploads\/2017\/05\/VpCI-309-cro.pdf\">VpCI-309-309SF<\/a><\/p>\n","protected":false},"excerpt":{"rendered":"<p>VpCI\u00ae -309 je pra\u0161kasti inhibitor za za\u0161titu od korozije obojenih metala. Primjenjivati zapra\u0161ivanjem, prskanjem ili zamagljivanjem. Bez nitrita i kromata.ids. Primjena:\u00a0 \u2022 Cjevaste konstrukcije, cijevi, plovila i turbine \u2022 Unutarnje povr\u0161ine kompresora, turbina, motora, spremnika, kotlova i izmjenjiva\u010da topline \u2022 Suho postavljanje sustava za hla\u0111enje zatvorenog kruga \u2022 Za\u0161tita opreme\u2026 <a class=\"continue-reading-link\" href=\"https:\/\/cortecros.com\/hr\/product\/vpci-309-prah\/\">nastavi \u010ditati<\/a><\/p>\n","protected":false},"featured_media":0,"template":"","meta":{"ngg_post_thumbnail":0,"_links_to":"","_links_to_target":""},"product_brand":[],"product_cat":[37],"product_tag":[],"class_list":{"0":"post-976","1":"product","2":"type-product","3":"status-publish","5":"product_cat-vpci-prah-za-zastitu-metala","7":"first","8":"instock","9":"shipping-taxable","10":"product-type-simple"},"_links":{"self":[{"href":"https:\/\/cortecros.com\/hr\/wp-json\/wp\/v2\/product\/976","targetHints":{"allow":["GET"]}}],"collection":[{"href":"https:\/\/cortecros.com\/hr\/wp-json\/wp\/v2\/product"}],"about":[{"href":"https:\/\/cortecros.com\/hr\/wp-json\/wp\/v2\/types\/product"}],"wp:attachment":[{"href":"https:\/\/cortecros.com\/hr\/wp-json\/wp\/v2\/media?parent=976"}],"wp:term":[{"taxonomy":"product_brand","embeddable":true,"href":"https:\/\/cortecros.com\/hr\/wp-json\/wp\/v2\/product_brand?post=976"},{"taxonomy":"product_cat","embeddable":true,"href":"https:\/\/cortecros.com\/hr\/wp-json\/wp\/v2\/product_cat?post=976"},{"taxonomy":"product_tag","embeddable":true,"href":"https:\/\/cortecros.com\/hr\/wp-json\/wp\/v2\/product_tag?post=976"}],"curies":[{"name":"wp","href":"https:\/\/api.w.org\/{rel}","templated":true}]}}